{"id":3576,"date":"2015-03-20T12:47:49","date_gmt":"2015-03-20T12:47:49","guid":{"rendered":"http:\/\/demo-content.kaliumtheme.com\/main\/?page_id=3576"},"modified":"2022-02-17T12:07:08","modified_gmt":"2022-02-17T12:07:08","slug":"portfolio-2","status":"publish","type":"page","link":"https:\/\/www.kidscocreate.design\/de\/portfolio-2\/","title":{"rendered":"Portfolio."},"content":{"rendered":"<p>Als Therapeutin und Kommunikationsdesignerin konzipiere und gestalte ich psychosoziale Medien f\u00fcr Kinder und Fachkr\u00e4fte. Mit meiner Arbeit m\u00f6chte ich junge Menschen dabei unterst\u00fctzen, ihre Selbstwirksamkeit zu entdecken und diese f\u00fcr eine selbstbestimmte und verantwortungsbewusste Zukunft einzusetzen.<\/p>\n\n\n<p><\/p>","protected":false},"excerpt":{"rendered":"<p>Als Therapeutin und Kommunikationsdesignerin konzipiere und gestalte ich psychosoziale Medien f\u00fcr Kinder und Fachkr\u00e4fte. Mit meiner Arbeit m\u00f6chte ich junge Menschen dabei unterst\u00fctzen, ihre Selbstwirksamkeit zu entdecken und diese f\u00fcr eine selbstbestimmte und verantwortungsbewusste Zukunft einzusetzen.<\/p>","protected":false},"author":1,"featured_media":0,"parent":0,"menu_order":3,"comment_status":"open","ping_status":"closed","template":"portfolio.php","meta":{"_acf_changed":false,"inline_featured_image":false,"footnotes":""},"class_list":["post-3576","page","type-page","status-publish","hentry"],"acf":[],"yoast_head":"<!-- This site is optimized with the Yoast SEO plugin v27.4 - https:\/\/yoast.com\/product\/yoast-seo-wordpress\/ -->\n<title>Portfolio. &#8902; kids co-create<\/title>\n<meta name=\"robots\" content=\"index, follow, max-snippet:-1, max-image-preview:large, max-video-preview:-1\" \/>\n<link rel=\"canonical\" href=\"https:\/\/www.kidscocreate.design\/de\/portfolio-2\/\" \/>\n<meta property=\"og:locale\" content=\"de_DE\" \/>\n<meta property=\"og:type\" content=\"article\" \/>\n<meta property=\"og:title\" content=\"Portfolio. &#8902; kids co-create\" \/>\n<meta property=\"og:description\" content=\"As a therapist and communications designer, I create psychosocial media for children and professionals who work with them. My work aims to support children and young people develop agency and further efforts towards a more resilient and socially responsible future.\" \/>\n<meta property=\"og:url\" content=\"https:\/\/www.kidscocreate.design\/de\/portfolio-2\/\" \/>\n<meta property=\"og:site_name\" content=\"kids co-create\" \/>\n<meta property=\"article:modified_time\" content=\"2022-02-17T12:07:08+00:00\" \/>\n<meta name=\"twitter:card\" content=\"summary_large_image\" \/>\n<meta name=\"twitter:label1\" content=\"Gesch\u00e4tzte Lesezeit\" \/>\n\t<meta name=\"twitter:data1\" content=\"1\u00a0Minute\" \/>\n<script type=\"application\/ld+json\" class=\"yoast-schema-graph\">{\"@context\":\"https:\\\/\\\/schema.org\",\"@graph\":[{\"@type\":\"WebPage\",\"@id\":\"https:\\\/\\\/www.kidscocreate.design\\\/portfolio-2\\\/\",\"url\":\"https:\\\/\\\/www.kidscocreate.design\\\/portfolio-2\\\/\",\"name\":\"Portfolio. &#8902; kids co-create\",\"isPartOf\":{\"@id\":\"https:\\\/\\\/www.kidscocreate.design\\\/#website\"},\"datePublished\":\"2015-03-20T12:47:49+00:00\",\"dateModified\":\"2022-02-17T12:07:08+00:00\",\"breadcrumb\":{\"@id\":\"https:\\\/\\\/www.kidscocreate.design\\\/portfolio-2\\\/#breadcrumb\"},\"inLanguage\":\"de\",\"potentialAction\":[{\"@type\":\"ReadAction\",\"target\":[\"https:\\\/\\\/www.kidscocreate.design\\\/portfolio-2\\\/\"]}]},{\"@type\":\"BreadcrumbList\",\"@id\":\"https:\\\/\\\/www.kidscocreate.design\\\/portfolio-2\\\/#breadcrumb\",\"itemListElement\":[{\"@type\":\"ListItem\",\"position\":1,\"name\":\"Home\",\"item\":\"https:\\\/\\\/www.kidscocreate.design\\\/\"},{\"@type\":\"ListItem\",\"position\":2,\"name\":\"Portfolio.\"}]},{\"@type\":\"WebSite\",\"@id\":\"https:\\\/\\\/www.kidscocreate.design\\\/#website\",\"url\":\"https:\\\/\\\/www.kidscocreate.design\\\/\",\"name\":\"kids co-create\",\"description\":\"\",\"potentialAction\":[{\"@type\":\"SearchAction\",\"target\":{\"@type\":\"EntryPoint\",\"urlTemplate\":\"https:\\\/\\\/www.kidscocreate.design\\\/?s={search_term_string}\"},\"query-input\":{\"@type\":\"PropertyValueSpecification\",\"valueRequired\":true,\"valueName\":\"search_term_string\"}}],\"inLanguage\":\"de\"}]}<\/script>\n<!-- \/ Yoast SEO plugin. -->","yoast_head_json":{"title":"Portfolio. &#8902; kids co-create","robots":{"index":"index","follow":"follow","max-snippet":"max-snippet:-1","max-image-preview":"max-image-preview:large","max-video-preview":"max-video-preview:-1"},"canonical":"https:\/\/www.kidscocreate.design\/de\/portfolio-2\/","og_locale":"de_DE","og_type":"article","og_title":"Portfolio. &#8902; kids co-create","og_description":"As a therapist and communications designer, I create psychosocial media for children and professionals who work with them. My work aims to support children and young people develop agency and further efforts towards a more resilient and socially responsible future.","og_url":"https:\/\/www.kidscocreate.design\/de\/portfolio-2\/","og_site_name":"kids co-create","article_modified_time":"2022-02-17T12:07:08+00:00","twitter_card":"summary_large_image","twitter_misc":{"Gesch\u00e4tzte Lesezeit":"1\u00a0Minute"},"schema":{"@context":"https:\/\/schema.org","@graph":[{"@type":"WebPage","@id":"https:\/\/www.kidscocreate.design\/portfolio-2\/","url":"https:\/\/www.kidscocreate.design\/portfolio-2\/","name":"Portfolio. &#8902; kids co-create","isPartOf":{"@id":"https:\/\/www.kidscocreate.design\/#website"},"datePublished":"2015-03-20T12:47:49+00:00","dateModified":"2022-02-17T12:07:08+00:00","breadcrumb":{"@id":"https:\/\/www.kidscocreate.design\/portfolio-2\/#breadcrumb"},"inLanguage":"de","potentialAction":[{"@type":"ReadAction","target":["https:\/\/www.kidscocreate.design\/portfolio-2\/"]}]},{"@type":"BreadcrumbList","@id":"https:\/\/www.kidscocreate.design\/portfolio-2\/#breadcrumb","itemListElement":[{"@type":"ListItem","position":1,"name":"Home","item":"https:\/\/www.kidscocreate.design\/"},{"@type":"ListItem","position":2,"name":"Portfolio."}]},{"@type":"WebSite","@id":"https:\/\/www.kidscocreate.design\/#website","url":"https:\/\/www.kidscocreate.design\/","name":"kids co-create","description":"","potentialAction":[{"@type":"SearchAction","target":{"@type":"EntryPoint","urlTemplate":"https:\/\/www.kidscocreate.design\/?s={search_term_string}"},"query-input":{"@type":"PropertyValueSpecification","valueRequired":true,"valueName":"search_term_string"}}],"inLanguage":"de"}]}},"_links":{"self":[{"href":"https:\/\/www.kidscocreate.design\/de\/wp-json\/wp\/v2\/pages\/3576","targetHints":{"allow":["GET"]}}],"collection":[{"href":"https:\/\/www.kidscocreate.design\/de\/wp-json\/wp\/v2\/pages"}],"about":[{"href":"https:\/\/www.kidscocreate.design\/de\/wp-json\/wp\/v2\/types\/page"}],"author":[{"embeddable":true,"href":"https:\/\/www.kidscocreate.design\/de\/wp-json\/wp\/v2\/users\/1"}],"replies":[{"embeddable":true,"href":"https:\/\/www.kidscocreate.design\/de\/wp-json\/wp\/v2\/comments?post=3576"}],"version-history":[{"count":6,"href":"https:\/\/www.kidscocreate.design\/de\/wp-json\/wp\/v2\/pages\/3576\/revisions"}],"predecessor-version":[{"id":4660,"href":"https:\/\/www.kidscocreate.design\/de\/wp-json\/wp\/v2\/pages\/3576\/revisions\/4660"}],"wp:attachment":[{"href":"https:\/\/www.kidscocreate.design\/de\/wp-json\/wp\/v2\/media?parent=3576"}],"curies":[{"name":"wp","href":"https:\/\/api.w.org\/{rel}","templated":true}]}}